{"id":48,"date":"2024-05-27T08:37:07","date_gmt":"2024-05-27T08:37:07","guid":{"rendered":"http:\/\/wp.isisromero.it\/alunno39\/?page_id=48"},"modified":"2024-05-27T08:38:08","modified_gmt":"2024-05-27T08:38:08","slug":"colosseo-italia","status":"publish","type":"page","link":"http:\/\/wp.isisromero.it\/alunno39\/?page_id=48","title":{"rendered":"COLOSSEO, ITALIA"},"content":{"rendered":"\n<hr class=\"wp-block-separator has-alpha-channel-opacity is-style-wide\" style=\"margin-top:0;margin-bottom:0\"\/>\n\n\n\n<p class=\"has-text-align-center has-secondary-background-color has-background\" style=\"margin-top:var(--wp--preset--spacing--30);margin-bottom:var(--wp--preset--spacing--30)\">Il\u00a0<strong>Colosseo<\/strong>, originariamente conosciuto come\u00a0<strong>Anfiteatro Flavio<\/strong>, \u00e8 il pi\u00f9 grande\u00a0<a href=\"https:\/\/it.wikipedia.org\/wiki\/Anfiteatro\">anfiteatro<\/a>\u00a0<a href=\"https:\/\/it.wikipedia.org\/wiki\/Civilt%C3%A0_romana\">romano<\/a>\u00a0del mondo (in grado di contenere un numero di spettatori stimato tra 50\u00a0000 e 87\u00a0000), situato nel centro della citt\u00e0 di\u00a0<a href=\"https:\/\/it.wikipedia.org\/wiki\/Roma\">Roma<\/a>. \u00c8 il pi\u00f9 importante anfiteatro romano, nonch\u00e9 il pi\u00f9 imponente monumento dell&#8217;<a href=\"https:\/\/it.wikipedia.org\/wiki\/Roma_(citt%C3%A0_antica)\">antica Roma<\/a>\u00a0che sia giunto fino a noi.<\/p>\n\n\n\n<figure class=\"wp-block-image aligncenter size-full\"><img loading=\"lazy\" decoding=\"async\" width=\"270\" height=\"180\" src=\"http:\/\/wp.isisromero.it\/alunno39\/wp-content\/uploads\/2024\/05\/colosseo.jpg\" alt=\"\" class=\"wp-image-51\"\/><\/figure>\n\n\n\n<p class=\"has-text-align-center has-pale-pink-color has-text-color has-link-color has-large-font-size wp-elements-f0b6435a7c13c579da0662aae21ce8c9\">STRUTTURA<\/p>\n\n\n\n<p class=\"has-text-align-center has-secondary-background-color has-background\">L&#8217;edificio forma un ovale policentrico di 527\u00a0m di perimetro, con assi che misurano 187,5 e 156,5\u00a0m. L&#8217;arena all&#8217;interno misura\u00a086 \u00d7 54\u00a0m, con una superficie di\u00a03357\u00a0m\u00b2.\u00a0L&#8217;altezza attuale raggiunge 48\u00a0m, ma originariamente arrivava a 52\u00a0m. La struttura esprime con chiarezza le concezioni architettoniche e costruttive romane della prima\u00a0<a href=\"https:\/\/it.wikipedia.org\/wiki\/Et%C3%A0_imperiale\">Et\u00e0 imperiale<\/a>, basate rispettivamente sulla linea curva e avvolgente offerta dalla pianta ellittica e sulla complessit\u00e0 dei sistemi costruttivi. Archi e volte sono concatenati tra loro in un serrato rapporto strutturale.<\/p>\n\n\n\n<p class=\"has-text-align-center has-pale-pink-color has-text-color has-link-color wp-elements-9299131c10052375ade06f5ce28b7284\">CURIOSITA&#8217;<\/p>\n\n\n\n<div class=\"wp-block-columns is-layout-flex wp-container-core-columns-is-layout-1 wp-block-columns-is-layout-flex\">\n<div class=\"wp-block-column is-layout-flow wp-block-column-is-layout-flow\" style=\"flex-basis:33.33%\">\n<figure class=\"wp-block-image size-large\"><img loading=\"lazy\" decoding=\"async\" width=\"1024\" height=\"855\" src=\"http:\/\/wp.isisromero.it\/alunno39\/wp-content\/uploads\/2024\/05\/4a99d159afe81ccabac2a63bc6644ded-2-1024x855.jpg\" alt=\"\" class=\"wp-image-55\" srcset=\"http:\/\/wp.isisromero.it\/alunno39\/wp-content\/uploads\/2024\/05\/4a99d159afe81ccabac2a63bc6644ded-2-1024x855.jpg 1024w, http:\/\/wp.isisromero.it\/alunno39\/wp-content\/uploads\/2024\/05\/4a99d159afe81ccabac2a63bc6644ded-2-300x251.jpg 300w, http:\/\/wp.isisromero.it\/alunno39\/wp-content\/uploads\/2024\/05\/4a99d159afe81ccabac2a63bc6644ded-2-768x641.jpg 768w, http:\/\/wp.isisromero.it\/alunno39\/wp-content\/uploads\/2024\/05\/4a99d159afe81ccabac2a63bc6644ded-2.jpg 1444w\" sizes=\"(max-width: 1024px) 100vw, 1024px\" \/><\/figure>\n<\/div>\n\n\n\n<div class=\"wp-block-column is-layout-flow wp-block-column-is-layout-flow\" style=\"flex-basis:66.66%\">\n<p><strong>L\u2019entrata ai giochi era gratuita per tutti i cittadini romani<\/strong>\u00a0in quanto gli Imperatori utilizzavano l\u2019arena per sponsorizzare le proprie iniziative politiche. Per i non cittadini e gli stranieri \u201cnon votanti\u201d non utili alla propaganda, l\u2019ingresso per poter assistere era a pagamento.<\/p>\n<\/div>\n<\/div>\n\n\n\n<hr class=\"wp-block-separator has-alpha-channel-opacity is-style-wide\"\/>\n\n\n\n<div class=\"wp-block-columns is-layout-flex wp-container-core-columns-is-layout-2 wp-block-columns-is-layout-flex\">\n<div class=\"wp-block-column is-layout-flow wp-block-column-is-layout-flow\" style=\"flex-basis:33.33%\">\n<figure class=\"wp-block-image size-full\"><img loading=\"lazy\" decoding=\"async\" width=\"239\" height=\"180\" src=\"http:\/\/wp.isisromero.it\/alunno39\/wp-content\/uploads\/2024\/05\/th.jpg\" alt=\"\" class=\"wp-image-58\"\/><\/figure>\n<\/div>\n\n\n\n<div class=\"wp-block-column is-layout-flow wp-block-column-is-layout-flow\" style=\"flex-basis:66.66%\">\n<p>Nel medioevo il Colosseo era ritenuto\u00a0<strong>una delle sette porte dell\u2019inferno<\/strong>\u00a0e si credeva che durante la notte le anime dei gladiatori trucidati nell\u2019arena vagassero senza pace tra gli archi e lungo i sotterranei. In realt\u00e0 in quel periodo era usato dai briganti per seppellire le proprie vittime.<\/p>\n<\/div>\n<\/div>\n\n\n\n<hr class=\"wp-block-separator has-alpha-channel-opacity is-style-wide\"\/>\n\n\n\n<div class=\"wp-block-columns is-layout-flex wp-container-core-columns-is-layout-4 wp-block-columns-is-layout-flex\">\n<div class=\"wp-block-column is-layout-flow wp-block-column-is-layout-flow\">\n<div class=\"wp-block-columns is-layout-flex wp-container-core-columns-is-layout-3 wp-block-columns-is-layout-flex\">\n<div class=\"wp-block-column is-layout-flow wp-block-column-is-layout-flow\" style=\"flex-basis:33.33%\">\n<figure class=\"wp-block-image size-full\"><img loading=\"lazy\" decoding=\"async\" width=\"640\" height=\"416\" src=\"http:\/\/wp.isisromero.it\/alunno39\/wp-content\/uploads\/2024\/05\/rome-colosseum-underground-tour.jpg\" alt=\"\" class=\"wp-image-59\" srcset=\"http:\/\/wp.isisromero.it\/alunno39\/wp-content\/uploads\/2024\/05\/rome-colosseum-underground-tour.jpg 640w, http:\/\/wp.isisromero.it\/alunno39\/wp-content\/uploads\/2024\/05\/rome-colosseum-underground-tour-300x195.jpg 300w\" sizes=\"(max-width: 640px) 100vw, 640px\" \/><\/figure>\n<\/div>\n\n\n\n<div class=\"wp-block-column is-layout-flow wp-block-column-is-layout-flow\" style=\"flex-basis:66.66%\">\n<p>Tra le rovine del Colosseo, sono cresciute spontaneamente pi\u00f9 di\u00a0<strong>350 specie di piante<\/strong>\u00a0tra cui alcune anche di origine esotica. Nell\u2019ottocento, prima di essere bonificato, il Colosseo era ricoperto di piante e alberi che per molto tempo furono coltivati ad orti e giardini e una grande variet\u00e0 di vegetazione cresceva all\u2019ombra delle arcate.<\/p>\n<\/div>\n<\/div>\n<\/div>\n<\/div>\n\n\n\n<hr class=\"wp-block-separator has-alpha-channel-opacity is-style-wide\"\/>\n","protected":false},"excerpt":{"rendered":"<p>Il\u00a0Colosseo, originariamente conosciuto come\u00a0Anfiteatro Flavio, \u00e8 il pi\u00f9 grande\u00a0anfiteatro\u00a0romano\u00a0del mondo (in grado di contenere un numero di spettatori stimato tra 50\u00a0000 e 87\u00a0000), situato nel centro della citt\u00e0 di\u00a0Roma. \u00c8 il pi\u00f9 importante anfiteatro romano, nonch\u00e9 il pi\u00f9 imponente monumento dell&#8217;antica Roma\u00a0che sia giunto fino a noi. STRUTTURA L&#8217;edificio forma un ovale policentrico di 527\u00a0m [&hellip;]<\/p>\n","protected":false},"author":1,"featured_media":0,"parent":0,"menu_order":0,"comment_status":"closed","ping_status":"closed","template":"","meta":{"footnotes":""},"_links":{"self":[{"href":"http:\/\/wp.isisromero.it\/alunno39\/index.php?rest_route=\/wp\/v2\/pages\/48"}],"collection":[{"href":"http:\/\/wp.isisromero.it\/alunno39\/index.php?rest_route=\/wp\/v2\/pages"}],"about":[{"href":"http:\/\/wp.isisromero.it\/alunno39\/index.php?rest_route=\/wp\/v2\/types\/page"}],"author":[{"embeddable":true,"href":"http:\/\/wp.isisromero.it\/alunno39\/index.php?rest_route=\/wp\/v2\/users\/1"}],"replies":[{"embeddable":true,"href":"http:\/\/wp.isisromero.it\/alunno39\/index.php?rest_route=%2Fwp%2Fv2%2Fcomments&post=48"}],"version-history":[{"count":2,"href":"http:\/\/wp.isisromero.it\/alunno39\/index.php?rest_route=\/wp\/v2\/pages\/48\/revisions"}],"predecessor-version":[{"id":62,"href":"http:\/\/wp.isisromero.it\/alunno39\/index.php?rest_route=\/wp\/v2\/pages\/48\/revisions\/62"}],"wp:attachment":[{"href":"http:\/\/wp.isisromero.it\/alunno39\/index.php?rest_route=%2Fwp%2Fv2%2Fmedia&parent=48"}],"curies":[{"name":"wp","href":"https:\/\/api.w.org\/{rel}","templated":true}]}}