{"id":33,"date":"2024-05-21T06:56:30","date_gmt":"2024-05-21T06:56:30","guid":{"rendered":"http:\/\/wp.isisromero.it\/alunno39\/?page_id=33"},"modified":"2024-05-21T06:56:30","modified_gmt":"2024-05-21T06:56:30","slug":"petra-giordania","status":"publish","type":"page","link":"http:\/\/wp.isisromero.it\/alunno39\/?page_id=33","title":{"rendered":"PETRA, GIORDANIA"},"content":{"rendered":"\n<p class=\"has-text-align-left has-vivid-red-color has-vertical-tertiary-to-background-gradient-background has-text-color has-background has-link-color has-source-serif-pro-font-family wp-elements-b1a6651c991622fe51cc6371d4657747\"><strong>Petra, nel sud della Giordania<\/strong>, \u00e8 una delle citt\u00e0 pi\u00f9 antiche del mondo, abitata gi\u00e0 migliaia di anni prima di Cristo, anche se gli storici ritengono che la\u00a0<strong>citt\u00e0 rosa in arenaria\u00a0<\/strong>che ammiriamo oggi \u2013 di cui l&#8217;85% \u00e8 ancora sotto terra, inesplorato sia stata costruita nel terzo secolo a.C. dagli arabi nabatei.<\/p>\n\n\n\n<figure class=\"wp-block-image size-full is-resized\"><img loading=\"lazy\" decoding=\"async\" width=\"980\" height=\"654\" src=\"http:\/\/wp.isisromero.it\/alunno39\/wp-content\/uploads\/2024\/05\/PETRA.jpg\" alt=\"\" class=\"wp-image-35\" style=\"width:661px;height:auto\" srcset=\"http:\/\/wp.isisromero.it\/alunno39\/wp-content\/uploads\/2024\/05\/PETRA.jpg 980w, http:\/\/wp.isisromero.it\/alunno39\/wp-content\/uploads\/2024\/05\/PETRA-300x200.jpg 300w, http:\/\/wp.isisromero.it\/alunno39\/wp-content\/uploads\/2024\/05\/PETRA-768x513.jpg 768w\" sizes=\"(max-width: 980px) 100vw, 980px\" \/><\/figure>\n\n\n\n<p class=\"has-vivid-red-color has-diagonal-tertiary-to-background-gradient-background has-text-color has-background has-link-color has-source-serif-pro-font-family wp-elements-89cd02e9459d233eb5c6ec71d243a16b\"><strong>Petra<\/strong>\u00a0\u00e8 senza dubbio il tesoro pi\u00f9 grande di tutta la\u00a0<strong>Giordania<\/strong>, un gioiello di pietra famoso in tutto il mondo, una meraviglia della natura e della storia umana, che ogni anno lascia senza fiato milioni di visitatori. Visitare Petra, infatti, \u00e8 emozione pura, un sogno che prende vita un passo dopo l\u2019altro, mentre ci si avventura nello stretto e profondo canyon di arenaria che conduce alla\u00a0<em>\u201ccitt\u00e0 rosa\u201d<\/em>.<\/p>\n\n\n\n<p class=\"has-vivid-red-color has-diagonal-background-to-tertiary-gradient-background has-text-color has-background has-link-color has-source-serif-pro-font-family wp-elements-d990e85ded633307eca9edb0ff778f10\">E poi terme, teatri, monasteri, strade colonnate, tombe reali e templi innalzati a divinit\u00e0 dai nomi potenti. Un susseguirsi di luoghi incredibili concentrati in una citt\u00e0 che \u00e8 leggenda e che ancora oggi lascia il segno indelebile nel profondo dell\u2019animo.<\/p>\n\n\n\n<p class=\"has-text-align-center has-cyan-bluish-gray-color has-text-color has-link-color has-large-font-size wp-elements-d54a31a2ecebed656183be4752ca30cc\" style=\"font-style:italic;font-weight:200;text-decoration:underline\"><sup><em>L&#8217; INGRESSO A PETRA<\/em><\/sup><\/p>\n\n\n\n<p class=\"has-vivid-red-color has-diagonal-tertiary-to-background-gradient-background has-text-color has-background has-link-color has-source-serif-pro-font-family wp-elements-a7f95dcb3a2722b16ab3bcd8ebef255b\">L\u2019intera citt\u00e0 di Petra \u00e8 oggi un grande sito archeologico (e Patrimonio mondiale dell\u2019UNESCO dal 1985) a cui si accede dal Visitor Center pagando il biglietto. Una volta entrati, ci si incammina lungo la strada che si insinua fra le alte rocce del siq, il canyon che conduce nel cuore di\u00a0<strong>Petra<\/strong>, e che si fa ad ogni passo pi\u00f9 stretta: in alcuni punti non vi sono pi\u00f9 di 2 metri fra una parete e l&#8217;altra.<\/p>\n\n\n\n<p class=\"has-vivid-red-color has-background-background-color has-text-color has-background has-link-color has-source-serif-pro-font-family wp-elements-d9204f0ed8ffaf65dc70c629a1bc39d2\">Dopo circa un chilometro e mezzo, ecco apparire davanti ai nostri occhi\u00a0<em>El Khasneh al Faroun<\/em>, ovvero il\u00a0<strong>Tesoro del Faraone<\/strong>, il monumento simbolo di Petra: la sua facciata perfettamente simmetrica e finemente cesellata nella roccia della montagna \u00e8 cos\u00ec mastodontica da spezzare il fiato.<\/p>\n\n\n\n<p class=\"has-vivid-red-color has-diagonal-background-to-tertiary-gradient-background has-text-color has-background has-link-color has-source-serif-pro-font-family wp-elements-dac6f6a763eb8199f289212d77890bc7\">La visita di Petra prosegue verso la&nbsp;<strong>Strada delle Facciate<\/strong>: a differenza del tratto iniziale del siq, qui il percorso si apre e si allarga e accoglie oltre 40 tombe e decine di abitazioni, tutte scavate nella roccia secondo lo stile architettonico nabateo, caratterizzato da facciate pulite e geometriche.<\/p>\n\n\n\n<p><\/p>\n","protected":false},"excerpt":{"rendered":"<p>Petra, nel sud della Giordania, \u00e8 una delle citt\u00e0 pi\u00f9 antiche del mondo, abitata gi\u00e0 migliaia di anni prima di Cristo, anche se gli storici ritengono che la\u00a0citt\u00e0 rosa in arenaria\u00a0che ammiriamo oggi \u2013 di cui l&#8217;85% \u00e8 ancora sotto terra, inesplorato sia stata costruita nel terzo secolo a.C. dagli arabi nabatei. Petra\u00a0\u00e8 senza dubbio [&hellip;]<\/p>\n","protected":false},"author":1,"featured_media":0,"parent":0,"menu_order":0,"comment_status":"closed","ping_status":"closed","template":"","meta":{"footnotes":""},"_links":{"self":[{"href":"http:\/\/wp.isisromero.it\/alunno39\/index.php?rest_route=\/wp\/v2\/pages\/33"}],"collection":[{"href":"http:\/\/wp.isisromero.it\/alunno39\/index.php?rest_route=\/wp\/v2\/pages"}],"about":[{"href":"http:\/\/wp.isisromero.it\/alunno39\/index.php?rest_route=\/wp\/v2\/types\/page"}],"author":[{"embeddable":true,"href":"http:\/\/wp.isisromero.it\/alunno39\/index.php?rest_route=\/wp\/v2\/users\/1"}],"replies":[{"embeddable":true,"href":"http:\/\/wp.isisromero.it\/alunno39\/index.php?rest_route=%2Fwp%2Fv2%2Fcomments&post=33"}],"version-history":[{"count":1,"href":"http:\/\/wp.isisromero.it\/alunno39\/index.php?rest_route=\/wp\/v2\/pages\/33\/revisions"}],"predecessor-version":[{"id":45,"href":"http:\/\/wp.isisromero.it\/alunno39\/index.php?rest_route=\/wp\/v2\/pages\/33\/revisions\/45"}],"wp:attachment":[{"href":"http:\/\/wp.isisromero.it\/alunno39\/index.php?rest_route=%2Fwp%2Fv2%2Fmedia&parent=33"}],"curies":[{"name":"wp","href":"https:\/\/api.w.org\/{rel}","templated":true}]}}