{"id":29,"date":"2024-05-21T06:16:38","date_gmt":"2024-05-21T06:16:38","guid":{"rendered":"http:\/\/wp.isisromero.it\/alunno39\/?page_id=29"},"modified":"2024-05-27T08:51:16","modified_gmt":"2024-05-27T08:51:16","slug":"grande-muraglia-cinese","status":"publish","type":"page","link":"http:\/\/wp.isisromero.it\/alunno39\/?page_id=29","title":{"rendered":"GRANDE MURAGLIA CINESE"},"content":{"rendered":"\n<div class=\"wp-block-cover is-light\"><span aria-hidden=\"true\" class=\"wp-block-cover__background has-background-dim\" style=\"background-color:#a6a29a\"><\/span><img loading=\"lazy\" decoding=\"async\" width=\"1920\" height=\"1080\" class=\"wp-block-cover__image-background wp-image-41\" alt=\"\" src=\"http:\/\/wp.isisromero.it\/alunno39\/wp-content\/uploads\/2024\/05\/muraglia-3.webp\" data-object-fit=\"cover\" srcset=\"http:\/\/wp.isisromero.it\/alunno39\/wp-content\/uploads\/2024\/05\/muraglia-3.webp 1920w, http:\/\/wp.isisromero.it\/alunno39\/wp-content\/uploads\/2024\/05\/muraglia-3-300x169.webp 300w, http:\/\/wp.isisromero.it\/alunno39\/wp-content\/uploads\/2024\/05\/muraglia-3-1024x576.webp 1024w, http:\/\/wp.isisromero.it\/alunno39\/wp-content\/uploads\/2024\/05\/muraglia-3-768x432.webp 768w, http:\/\/wp.isisromero.it\/alunno39\/wp-content\/uploads\/2024\/05\/muraglia-3-1536x864.webp 1536w\" sizes=\"(max-width: 1920px) 100vw, 1920px\" \/><div class=\"wp-block-cover__inner-container is-layout-constrained wp-block-cover-is-layout-constrained\">\n<p class=\"has-text-align-center has-background-color has-text-color has-link-color has-large-font-size wp-elements-2cbf4207bf104e8d714b2eecfb1ef975\">Dichiarata dall&#8217;UNESCO patrimonio dell&#8217;umanit\u00e0 nel 1987 e venne poi inserita nel 2007 fra le sette meraviglie del mondo moderno.<\/p>\n<\/div><\/div>\n\n\n\n<p><\/p>\n\n\n\n<p class=\"has-vivid-red-background-color has-background\">Inserita nell\u2019elenco delle sette meraviglie del mondo moderno, la&nbsp;<strong>Grande Muraglia Cinese<\/strong>&nbsp;\u00e8 una delle opere architettoniche pi\u00f9 note del pianeta e il cui fascino continua ad attrarre visitatori da ogni dove. Simbolo del suo popolo, questa catena di mura difensive ha una storia corposa che avvolge pi\u00f9 di venti&nbsp;dinastie imperiali&nbsp;e si protrae fino a giorni nostri.<\/p>\n\n\n\n<hr class=\"wp-block-separator has-alpha-channel-opacity is-style-default\"\/>\n\n\n\n<p class=\"has-vivid-green-cyan-color has-text-color has-link-color wp-elements-bf2f794b1edfc40170ca83fcf89f3353\"><strong>CARATTERISTICHE<\/strong><\/p>\n\n\n\n<p class=\"has-vivid-green-cyan-color has-text-color has-link-color wp-elements-60c48c63740ec356abd4c87fc68cbd77\"><strong>Lunga muraglia<\/strong>&nbsp;\u2013 indica un insieme di mura che si snoda attraverso la&nbsp;Cina settentrionale<strong>&nbsp;<\/strong>per una lunghezza<strong>&nbsp;<\/strong>di <strong>21196, 18 km<\/strong>.<\/p>\n\n\n\n<p class=\"has-vivid-green-cyan-color has-text-color has-link-color wp-elements-6839bf7f6c572b239230cf13e0d7c89e\">Il punto di partenza della costruzione si trova al\u00a0passo di Jiayuguan\u00a0nella provincia del<strong>\u00a0<\/strong>Gansu, luogo in cui incrocia la\u00a0via della Seta\u00a0che in passato svolgeva un ruolo cruciale nel settore commerciale oltre che importante avamposto nella difesa dei confini. Il percorso della\u00a0<strong>Grande Muraglia<\/strong>\u00a0si conclude a\u00a0Husan, nella provincia nordorientale del Liaoning, dove, a ridosso di Shanhaiguan, incontra anche il mare.<\/p>\n\n\n\n<p><\/p>\n\n\n\n<figure class=\"wp-block-image size-full has-custom-border is-style-default\"><img loading=\"lazy\" decoding=\"async\" width=\"768\" height=\"540\" src=\"http:\/\/wp.isisromero.it\/alunno39\/wp-content\/uploads\/2024\/05\/FOTO-MURAGLIA.webp\" alt=\"\" class=\"wp-image-36\" style=\"border-width:2px;border-radius:30px\" srcset=\"http:\/\/wp.isisromero.it\/alunno39\/wp-content\/uploads\/2024\/05\/FOTO-MURAGLIA.webp 768w, http:\/\/wp.isisromero.it\/alunno39\/wp-content\/uploads\/2024\/05\/FOTO-MURAGLIA-300x211.webp 300w\" sizes=\"(max-width: 768px) 100vw, 768px\" \/><\/figure>\n\n\n\n<hr class=\"wp-block-separator has-alpha-channel-opacity\" style=\"margin-top:var(--wp--preset--spacing--60);margin-bottom:var(--wp--preset--spacing--60)\"\/>\n\n\n\n<p class=\"has-vivid-purple-color has-text-color has-link-color wp-elements-ccc65048d3417fb7abaeeafe04725683\"><strong>SIGNIFICATO E CURIOSITA&#8217;<\/strong><\/p>\n\n\n\n<p class=\"has-vivid-purple-color has-text-color has-link-color wp-elements-2a689af19cd317d11322a2d330111d93\">L\u2019opera continua a essere oggetto di fascino e il governo ha da tempo istituito un fondo economico per mantenimento e restaurazione, specialmente per&nbsp;le parti del muro&nbsp;soggette all\u2019erosione. La Grande Muraglia \u00e8 da sempre specchio di <strong>storia e cultura cinese:<\/strong> dalle fasi imperiali al giorno d\u2019oggi, valori come unit\u00e0, resistenza alle difficolt\u00e0 e orgoglio perdurano e si riflettono in questo manufatto antichissimo. <\/p>\n\n\n\n<p class=\"has-vivid-purple-color has-text-color has-link-color wp-elements-88ead3c9e84d82bebdf7104e37d23892\">La Muraglia Cinese simboleggia oggi sia l\u2019<strong>apertura spirituale<\/strong> del paese nei confronti del mondo sia la volont\u00e0 di proteggere e conservare con vigore il proprio patrimonio intellettuale e culturale. <\/p>\n\n\n\n<p class=\"has-vivid-purple-color has-text-color has-link-color wp-elements-44cd2f71a3df6b6448decd8fa738a606\">Non solo: sin dai tempi pi\u00f9 antichi la costruzione \u00e8 stata oggetto di diverse leggende &#8211; quelle di Meng Jiangnu e della Zuppa di metallo tra le pi\u00f9 note \u2013 cos\u00ec come di poemi, canzoni e persino banconote e francobolli. <strong>Icona del patrimonio umanitario<\/strong> di questa nazione capace di attraversare i secoli non solo fisicamente ma anche e soprattutto quando si parla di lascito culturale.<\/p>\n\n\n\n<p class=\"has-vivid-purple-color has-text-color has-link-color wp-elements-ea30ccc077d0b110efe11b440ff8997b\">Un&#8217;ultima curiosit\u00e0 ormai sdoganata: non \u00e8 vero che la Muraglia Cinese si vede ad occhio nudo dallo spazio, anche per via del suo spessore ridotto (circa 6 metri).<\/p>\n\n\n\n<p class=\"has-small-font-size\"><\/p>\n\n\n\n<figure class=\"wp-block-image size-large is-resized has-custom-border\"><img loading=\"lazy\" decoding=\"async\" width=\"683\" height=\"1024\" src=\"http:\/\/wp.isisromero.it\/alunno39\/wp-content\/uploads\/2024\/05\/2-foto-muraglia-683x1024.jpg\" alt=\"\" class=\"wp-image-38\" style=\"border-width:2px;border-radius:30px;object-fit:cover;width:600px;height:600px\" srcset=\"http:\/\/wp.isisromero.it\/alunno39\/wp-content\/uploads\/2024\/05\/2-foto-muraglia-683x1024.jpg 683w, http:\/\/wp.isisromero.it\/alunno39\/wp-content\/uploads\/2024\/05\/2-foto-muraglia-200x300.jpg 200w, http:\/\/wp.isisromero.it\/alunno39\/wp-content\/uploads\/2024\/05\/2-foto-muraglia-768x1152.jpg 768w, http:\/\/wp.isisromero.it\/alunno39\/wp-content\/uploads\/2024\/05\/2-foto-muraglia.jpg 980w\" sizes=\"(max-width: 683px) 100vw, 683px\" \/><\/figure>\n\n\n\n<hr class=\"wp-block-separator has-text-color has-foreground-color has-alpha-channel-opacity has-foreground-background-color has-background is-style-wide\"\/>\n","protected":false},"excerpt":{"rendered":"<p>Inserita nell\u2019elenco delle sette meraviglie del mondo moderno, la&nbsp;Grande Muraglia Cinese&nbsp;\u00e8 una delle opere architettoniche pi\u00f9 note del pianeta e il cui fascino continua ad attrarre visitatori da ogni dove. Simbolo del suo popolo, questa catena di mura difensive ha una storia corposa che avvolge pi\u00f9 di venti&nbsp;dinastie imperiali&nbsp;e si protrae fino a giorni nostri. [&hellip;]<\/p>\n","protected":false},"author":1,"featured_media":0,"parent":0,"menu_order":0,"comment_status":"closed","ping_status":"closed","template":"","meta":{"footnotes":""},"_links":{"self":[{"href":"http:\/\/wp.isisromero.it\/alunno39\/index.php?rest_route=\/wp\/v2\/pages\/29"}],"collection":[{"href":"http:\/\/wp.isisromero.it\/alunno39\/index.php?rest_route=\/wp\/v2\/pages"}],"about":[{"href":"http:\/\/wp.isisromero.it\/alunno39\/index.php?rest_route=\/wp\/v2\/types\/page"}],"author":[{"embeddable":true,"href":"http:\/\/wp.isisromero.it\/alunno39\/index.php?rest_route=\/wp\/v2\/users\/1"}],"replies":[{"embeddable":true,"href":"http:\/\/wp.isisromero.it\/alunno39\/index.php?rest_route=%2Fwp%2Fv2%2Fcomments&post=29"}],"version-history":[{"count":6,"href":"http:\/\/wp.isisromero.it\/alunno39\/index.php?rest_route=\/wp\/v2\/pages\/29\/revisions"}],"predecessor-version":[{"id":71,"href":"http:\/\/wp.isisromero.it\/alunno39\/index.php?rest_route=\/wp\/v2\/pages\/29\/revisions\/71"}],"wp:attachment":[{"href":"http:\/\/wp.isisromero.it\/alunno39\/index.php?rest_route=%2Fwp%2Fv2%2Fmedia&parent=29"}],"curies":[{"name":"wp","href":"https:\/\/api.w.org\/{rel}","templated":true}]}}